{"id":11,"date":"2023-03-03T20:41:31","date_gmt":"2023-03-03T19:41:31","guid":{"rendered":"https:\/\/www.astaremur.org\/?page_id=11"},"modified":"2025-02-10T12:12:38","modified_gmt":"2025-02-10T11:12:38","slug":"inicio","status":"publish","type":"page","link":"https:\/\/www.astaremur.org\/","title":{"rendered":"Inicio"},"content":{"rendered":"<p>[et_pb_section fb_built=\u00bb1&#8243; admin_label=\u00bbHeader\u00bb _builder_version=\u00bb4.16&#8243; _module_preset=\u00bbdefault\u00bb use_background_color_gradient=\u00bbon\u00bb background_color_gradient_stops=\u00bbrgba(15,57,59,0.8) 0%|rgba(15,57,59,0.8) 100%\u00bb background_color_gradient_overlays_image=\u00bbon\u00bb background_color_gradient_start=\u00bbrgba(15,57,59,0.8)\u00bb background_color_gradient_end=\u00bbrgba(15,57,59,0.8)\u00bb background_image=\u00bbhttp:\/\/www.astaremur.org\/wp-content\/uploads\/2023\/03\/NGO-img-30.jpg\u00bb custom_padding=\u00bb10vw||10vw||true|false\u00bb locked=\u00bboff\u00bb global_colors_info=\u00bb{}\u00bb][et_pb_row _builder_version=\u00bb4.16&#8243; _module_preset=\u00bbdefault\u00bb global_colors_info=\u00bb{}\u00bb][et_pb_column type=\u00bb4_4&#8243; _builder_version=\u00bb4.16&#8243; _module_preset=\u00bbdefault\u00bb custom_padding=\u00bb|190px||190px|false|true\u00bb custom_padding_tablet=\u00bb|30px||30px|false|true\u00bb custom_padding_phone=\u00bb|20px||20px|false|true\u00bb custom_padding_last_edited=\u00bbon|desktop\u00bb global_colors_info=\u00bb{}\u00bb][et_pb_text _builder_version=\u00bb4.20.2&#8243; _module_preset=\u00bb534cc526-6274-4e31-9e1a-7f18a5947bf1&#8243; header_4_font=\u00bbCrimson Text|600||on|||||\u00bb header_4_text_align=\u00bbcenter\u00bb header_4_text_color=\u00bb#FFFFFF\u00bb header_4_font_size=\u00bb17px\u00bb header_4_letter_spacing=\u00bb1px\u00bb header_4_line_height=\u00bb1.5em\u00bb custom_margin=\u00bb||0px||false|false\u00bb header_4_font_size_tablet=\u00bb14px\u00bb header_4_font_size_phone=\u00bb\u00bb header_4_font_size_last_edited=\u00bbon|tablet\u00bb locked=\u00bboff\u00bb global_colors_info=\u00bb{}\u00bb]<\/p>\n<h4>ASOCIACI\u00d3N DE AFECTADOS POR EL TRASTORNO DE APRENDIZAJE NO VERBAL<\/h4>\n<p>[\/et_pb_text][et_pb_text _builder_version=\u00bb4.20.2&#8243; _module_preset=\u00bb534cc526-6274-4e31-9e1a-7f18a5947bf1&#8243; header_4_font=\u00bbCrimson Text|600||on|||||\u00bb header_4_text_align=\u00bbcenter\u00bb header_4_text_color=\u00bb#FFFFFF\u00bb header_4_font_size=\u00bb17px\u00bb header_4_letter_spacing=\u00bb1px\u00bb header_4_line_height=\u00bb1.5em\u00bb custom_margin=\u00bb||0px||false|false\u00bb header_4_font_size_tablet=\u00bb14px\u00bb header_4_font_size_phone=\u00bb\u00bb header_4_font_size_last_edited=\u00bbon|tablet\u00bb locked=\u00bboff\u00bb global_colors_info=\u00bb{}\u00bb]<\/p>\n<h4>de la\u00a0<\/h4>\n<p>[\/et_pb_text][et_pb_text _builder_version=\u00bb4.20.0&#8243; _module_preset=\u00bbe864d11f-3dab-4fa3-ac06-4f0e1a260807&#8243; header_font=\u00bbCrimson Text|600||on|||||\u00bb header_text_align=\u00bbcenter\u00bb header_text_color=\u00bb#FFFFFF\u00bb header_font_size=\u00bb55px\u00bb header_letter_spacing=\u00bb-0.02em\u00bb header_line_height=\u00bb1.15em\u00bb custom_margin=\u00bb||16px||false|false\u00bb header_font_size_tablet=\u00bb40px\u00bb header_font_size_phone=\u00bb24px\u00bb header_font_size_last_edited=\u00bbon|desktop\u00bb locked=\u00bboff\u00bb global_colors_info=\u00bb{}\u00bb]<\/p>\n<h1>REGI\u00d3N DE MURCIA<\/h1>\n<p>[\/et_pb_text][\/et_pb_column][\/et_pb_row][\/et_pb_section][et_pb_section fb_built=\u00bb1&#8243; admin_label=\u00bbCall to Action\u00bb _builder_version=\u00bb4.16&#8243; _module_preset=\u00bbdefault\u00bb background_color=\u00bb#f5f3ee\u00bb locked=\u00bboff\u00bb global_colors_info=\u00bb{}\u00bb][et_pb_row column_structure=\u00bb1_2,1_2&#8243; custom_padding_last_edited=\u00bbon|phone\u00bb _builder_version=\u00bb4.20.0&#8243; _module_preset=\u00bbdefault\u00bb background_color=\u00bb#2a6355&#8243; background_image=\u00bbhttp:\/\/www.astaremur.org\/wp-content\/uploads\/2023\/03\/NGO-img-19.png\u00bb background_size=\u00bbinitial\u00bb background_position=\u00bbbottom_right\u00bb custom_margin=\u00bb-8vw|auto||auto|false|false\u00bb custom_margin_tablet=\u00bb||28px||false|false\u00bb custom_margin_phone=\u00bb||13px||false|false\u00bb custom_margin_last_edited=\u00bboff|desktop\u00bb custom_padding=\u00bb60px|60px|60px|60px|true|true\u00bb custom_padding_tablet=\u00bb40px|30px|40px|30px|true|true\u00bb custom_padding_phone=\u00bb|20px||20px|true|true\u00bb border_radii=\u00bbon|20px|20px|20px|20px\u00bb locked=\u00bboff\u00bb global_colors_info=\u00bb{}\u00bb][et_pb_column type=\u00bb1_2&#8243; _builder_version=\u00bb4.16&#8243; _module_preset=\u00bbdefault\u00bb global_colors_info=\u00bb{}\u00bb][et_pb_text _builder_version=\u00bb4.20.0&#8243; _module_preset=\u00bb534cc526-6274-4e31-9e1a-7f18a5947bf1&#8243; header_2_font=\u00bbCrimson Text|||on|||||\u00bb header_2_text_align=\u00bbjustify\u00bb header_2_text_color=\u00bb#FFFFFF\u00bb header_2_font_size=\u00bb23px\u00bb header_4_font=\u00bbDM Sans|700||on|||||\u00bb header_4_text_color=\u00bb#EF8451&#8243; header_4_font_size=\u00bb14px\u00bb header_4_letter_spacing=\u00bb1px\u00bb header_4_line_height=\u00bb1.5em\u00bb custom_margin=\u00bb24px||0px||false|false\u00bb header_4_font_size_tablet=\u00bb14px\u00bb header_4_font_size_phone=\u00bb\u00bb header_4_font_size_last_edited=\u00bbon|tablet\u00bb locked=\u00bboff\u00bb global_colors_info=\u00bb{}\u00bb]<\/p>\n<h2>astaremur o tanv regi\u00f3n de murcia<\/h2>\n<p>[\/et_pb_text][et_pb_text _builder_version=\u00bb4.20.2&#8243; _module_preset=\u00bb41d5859c-fbaa-458a-88e4-5d886857f235&#8243; text_font=\u00bbCrimson Text|600|||||||\u00bb text_text_color=\u00bb#F2EBE4&#8243; text_font_size=\u00bb18px\u00bb text_line_height=\u00bb1.8em\u00bb custom_margin=\u00bb4px||||false|false\u00bb text_font_size_tablet=\u00bb16px\u00bb text_font_size_phone=\u00bb14px\u00bb text_font_size_last_edited=\u00bbon|phone\u00bb text_text_shadow_style=\u00bbpreset1&#8243; locked=\u00bboff\u00bb global_colors_info=\u00bb{}\u00bb]<\/p>\n<p style=\"text-align: justify;\">Naci\u00f3 el 24 de abril de 2022. Siendo reconocida como tal, el 14 de septiembre del mismo a\u00f1o, con n\u00famero de expediente 15,148\/1a y surge de la necesidad de algunas familias de la regi\u00f3n, para dar respuesta a sus problemas de cada\u00a0d\u00eda.<\/p>\n<p>[\/et_pb_text][\/et_pb_column][et_pb_column type=\u00bb1_2&#8243; _builder_version=\u00bb4.16&#8243; _module_preset=\u00bbdefault\u00bb background_color=\u00bb#FFFFFF\u00bb custom_padding=\u00bb40px|30px|40px|30px|true|true\u00bb custom_padding_tablet=\u00bb\u00bb custom_padding_phone=\u00bb|20px||20px|true|true\u00bb custom_padding_last_edited=\u00bbon|phone\u00bb border_radii=\u00bbon|26px|26px|26px|26px\u00bb box_shadow_style=\u00bbpreset3&#8243; box_shadow_vertical=\u00bb40px\u00bb box_shadow_blur=\u00bb60px\u00bb box_shadow_spread=\u00bb-10px\u00bb box_shadow_color=\u00bbrgba(3,86,92,0.1)\u00bb global_colors_info=\u00bb{}\u00bb][et_pb_text _builder_version=\u00bb4.20.0&#8243; _module_preset=\u00bb03ed4834-a81a-41ec-bfd6-98a6a9949751&#8243; text_text_color=\u00bb#0F393B\u00bb header_font=\u00bb||||||||\u00bb header_3_font=\u00bbCrimson Text|700|||||||\u00bb header_3_text_color=\u00bb#093532&#8243; header_3_font_size=\u00bb36px\u00bb header_3_letter_spacing=\u00bb-0.02em\u00bb header_3_line_height=\u00bb1.2em\u00bb text_orientation=\u00bbcenter\u00bb custom_margin=\u00bb||10px||false|false\u00bb header_3_font_size_tablet=\u00bb20px\u00bb header_3_font_size_phone=\u00bb16px\u00bb header_3_font_size_last_edited=\u00bbon|phone\u00bb locked=\u00bboff\u00bb global_colors_info=\u00bb{}\u00bb]<\/p>\n<h3>\u00bfQu\u00e9 es el TANV?<\/h3>\n<p>[\/et_pb_text][et_pb_button button_url=\u00bbhttps:\/\/www.astaremur.org\/?page_id=62&#8243; button_text=\u00bbSaber m\u00e1s&#8230;\u00bb button_alignment=\u00bbcenter\u00bb _builder_version=\u00bb4.20.0&#8243; _module_preset=\u00bb94ef7aca-dcd9-4f9d-93b2-efa3466cebc7&#8243; custom_button=\u00bbon\u00bb button_text_size=\u00bb14px\u00bb button_text_color=\u00bb#FFFFFF\u00bb button_bg_color=\u00bb#ef8451&#8243; button_border_width=\u00bb0px\u00bb button_border_radius=\u00bb37px\u00bb button_font=\u00bbDM Sans|700||on|||||\u00bb custom_margin=\u00bb30px||||false|false\u00bb custom_padding=\u00bb15px|22px|12px|22px|false|true\u00bb locked=\u00bboff\u00bb global_colors_info=\u00bb{}\u00bb][\/et_pb_button][\/et_pb_column][\/et_pb_row][\/et_pb_section][et_pb_section fb_built=\u00bb1&#8243; admin_label=\u00bbFeatures\u00bb _builder_version=\u00bb4.16&#8243; _module_preset=\u00bbdefault\u00bb background_color=\u00bb#f5f3ee\u00bb custom_padding=\u00bb0px|||||\u00bb locked=\u00bboff\u00bb global_colors_info=\u00bb{}\u00bb][et_pb_row column_structure=\u00bb1_3,1_3,1_3&#8243; _builder_version=\u00bb4.16&#8243; _module_preset=\u00bbdefault\u00bb global_colors_info=\u00bb{}\u00bb][et_pb_column type=\u00bb1_3&#8243; _builder_version=\u00bb4.16&#8243; _module_preset=\u00bbdefault\u00bb global_colors_info=\u00bb{}\u00bb][et_pb_blurb title=\u00bbLA ESCUELA\u00bb url=\u00bbhttp:\/\/www.astaremur.org\/?page_id=81&#8243; use_icon=\u00bbon\u00bb font_icon=\u00bb&#xf19c;||fa||900&#8243; content_max_width=\u00bb100%\u00bb _builder_version=\u00bb4.20.2&#8243; _module_preset=\u00bb58e41a12-d2dc-4bc3-82a3-e7e2a77a32bd\u00bb header_font=\u00bbDM Sans|700|||||||\u00bb header_text_color=\u00bb#093532&#8243; header_font_size=\u00bb20px\u00bb header_line_height=\u00bb1.2em\u00bb body_font=\u00bbDM Sans||||||||\u00bb body_text_color=\u00bb#6b8483&#8243; body_font_size=\u00bb16px\u00bb custom_margin=\u00bb||||false|false\u00bb custom_padding=\u00bb||||false|false\u00bb animation=\u00bboff\u00bb header_font_size_tablet=\u00bb18px\u00bb header_font_size_phone=\u00bb16px\u00bb header_font_size_last_edited=\u00bbon|desktop\u00bb body_font_size_tablet=\u00bb15px\u00bb body_font_size_phone=\u00bb13px\u00bb body_font_size_last_edited=\u00bbon|phone\u00bb border_width_bottom=\u00bb0px\u00bb border_color_bottom=\u00bbrgba(0,0,0,0.12)\u00bb locked=\u00bboff\u00bb global_colors_info=\u00bb{}\u00bb]<\/p>\n<p style=\"text-align: justify;\"><span>Durante<\/span><span> la vida escolar de una persona afectada de <\/span><span class=\"hiddenSpellError\">TANV<\/span><span>, se van a ir produciendo una serie de hitos y eventos que nos van a marcar el devenir de la vida escolar. En esta secci\u00f3n iremos viendo todo el proceso educativo de una persona afectada de <\/span><span class=\"hiddenSpellError\">TANV.<\/span><\/p>\n<p>[\/et_pb_blurb][\/et_pb_column][et_pb_column type=\u00bb1_3&#8243; _builder_version=\u00bb4.16&#8243; _module_preset=\u00bbdefault\u00bb global_colors_info=\u00bb{}\u00bb][et_pb_blurb title=\u00bbLA FAMILIA\u00bb url=\u00bbhttps:\/\/www.astaremur.org\/?page_id=97&#8243; use_icon=\u00bbon\u00bb font_icon=\u00bb&#xf015;||fa||900&#8243; content_max_width=\u00bb100%\u00bb _builder_version=\u00bb4.20.2&#8243; _module_preset=\u00bb58e41a12-d2dc-4bc3-82a3-e7e2a77a32bd\u00bb header_font=\u00bbDM Sans|700|||||||\u00bb header_text_color=\u00bb#093532&#8243; header_font_size=\u00bb20px\u00bb header_line_height=\u00bb1.2em\u00bb body_font=\u00bbDM Sans||||||||\u00bb body_text_color=\u00bb#6b8483&#8243; body_font_size=\u00bb16px\u00bb custom_margin=\u00bb||||false|false\u00bb custom_padding=\u00bb||||false|false\u00bb animation=\u00bboff\u00bb header_font_size_tablet=\u00bb18px\u00bb header_font_size_phone=\u00bb16px\u00bb header_font_size_last_edited=\u00bbon|desktop\u00bb body_font_size_tablet=\u00bb15px\u00bb body_font_size_phone=\u00bb13px\u00bb body_font_size_last_edited=\u00bbon|phone\u00bb border_width_bottom=\u00bb0px\u00bb border_color_bottom=\u00bbrgba(0,0,0,0.12)\u00bb locked=\u00bboff\u00bb global_colors_info=\u00bb{}\u00bb]<\/p>\n<p style=\"text-align: justify;\">Las familias, como no pueden ser de otro forma, son el n\u00facleo vital y soporte de las personas afectadas de <span class=\"hiddenSpellError\">TANV<\/span>. Es el lugar donde las personas con <span class=\"hiddenSpellError\">TANV<\/span> se siente protegidos y resguardado ante la incomprensi\u00f3n de aquellos que no saben nada de su lucha.<\/p>\n<p>[\/et_pb_blurb][\/et_pb_column][et_pb_column type=\u00bb1_3&#8243; _builder_version=\u00bb4.16&#8243; _module_preset=\u00bbdefault\u00bb global_colors_info=\u00bb{}\u00bb][et_pb_blurb title=\u00bbLOS ADULTOS\u00bb url=\u00bbhttps:\/\/www.astaremur.org\/?page_id=117&#8243; use_icon=\u00bbon\u00bb font_icon=\u00bb&#xf500;||fa||900&#8243; content_max_width=\u00bb100%\u00bb _builder_version=\u00bb4.20.2&#8243; _module_preset=\u00bb58e41a12-d2dc-4bc3-82a3-e7e2a77a32bd\u00bb header_font=\u00bbDM Sans|700|||||||\u00bb header_text_color=\u00bb#093532&#8243; header_font_size=\u00bb20px\u00bb header_line_height=\u00bb1.2em\u00bb body_font=\u00bbDM Sans||||||||\u00bb body_text_color=\u00bb#6b8483&#8243; body_font_size=\u00bb16px\u00bb custom_margin=\u00bb||||false|false\u00bb custom_padding=\u00bb||||false|false\u00bb animation=\u00bboff\u00bb header_font_size_tablet=\u00bb18px\u00bb header_font_size_phone=\u00bb16px\u00bb header_font_size_last_edited=\u00bbon|desktop\u00bb body_font_size_tablet=\u00bb15px\u00bb body_font_size_phone=\u00bb13px\u00bb body_font_size_last_edited=\u00bbon|phone\u00bb border_width_bottom=\u00bb0px\u00bb border_color_bottom=\u00bbrgba(0,0,0,0.12)\u00bb locked=\u00bboff\u00bb global_colors_info=\u00bb{}\u00bb]<\/p>\n<p style=\"text-align: justify;\"><span>Quiz\u00e1s<\/span><span> el asunto m\u00e1s desconocido de este <\/span><span>trastorno,<\/span><span> como muchos otros <\/span><span>s\u00edndromes<\/span><span> o trastornos, sea conocer como es la vida de un adulto con <\/span><span class=\"hiddenSpellError\">TANV<\/span><span>. De hecho, por <\/span><span>desgracia<\/span><span> no tenemos <\/span><span>ning\u00fan<\/span><span> tipo de estudio o informaci\u00f3n que nos acerque a la realidad.<\/span><\/p>\n<p>[\/et_pb_blurb][\/et_pb_column][\/et_pb_row][et_pb_row column_structure=\u00bb1_2,1_2&#8243; _builder_version=\u00bb4.16&#8243; _module_preset=\u00bbdefault\u00bb locked=\u00bboff\u00bb global_colors_info=\u00bb{}\u00bb][et_pb_column type=\u00bb1_2&#8243; _builder_version=\u00bb4.16&#8243; _module_preset=\u00bbdefault\u00bb background_color=\u00bb#ef8451&#8243; background_enable_image=\u00bboff\u00bb background_size=\u00bbinitial\u00bb background_position=\u00bbcenter_right\u00bb custom_padding=\u00bb50px|40px|50px|40px|true|false\u00bb custom_padding_tablet=\u00bb30px|30px|30px|30px|true|true\u00bb custom_padding_phone=\u00bb30px|20px|30px|20px|true|true\u00bb custom_padding_last_edited=\u00bbon|phone\u00bb border_radii=\u00bbon|20px|20px|20px|20px\u00bb global_colors_info=\u00bb{}\u00bb][et_pb_text _builder_version=\u00bb4.20.0&#8243; _module_preset=\u00bbdf96b77a-cd4f-44a8-a771-2d6347592b53&#8243; header_font_size=\u00bb28px\u00bb header_2_font=\u00bbCrimson Text|600|||||||\u00bb header_2_text_align=\u00bbjustify\u00bb header_2_text_color=\u00bb#000000&#8243; header_2_font_size=\u00bb29px\u00bb header_2_letter_spacing=\u00bb-0.02em\u00bb header_2_line_height=\u00bb1.15em\u00bb header_3_font=\u00bbCrimson Text|600|||||||\u00bb header_3_text_align=\u00bbjustify\u00bb header_3_text_color=\u00bb#000000&#8243; header_3_font_size=\u00bb25px\u00bb custom_margin=\u00bb-9px||||false|false\u00bb custom_padding=\u00bb||0px||false|false\u00bb header_2_font_size_tablet=\u00bb32px\u00bb header_2_font_size_phone=\u00bb20px\u00bb header_2_font_size_last_edited=\u00bbon|desktop\u00bb header_3_text_shadow_style=\u00bbpreset3&#8243; locked=\u00bboff\u00bb global_colors_info=\u00bb{}\u00bb]<\/p>\n<h2 style=\"text-align: justify;\">LAS DIFICULTADES DE APRENDIZAJE NO VERBAL SON M\u00c1S DEBILITANTES QUE LAS DIFICULTADES DE APRENDIZAJE VERBAL.<\/h2>\n<p>[\/et_pb_text][et_pb_text _builder_version=\u00bb4.20.0&#8243; _module_preset=\u00bb534cc526-6274-4e31-9e1a-7f18a5947bf1&#8243; header_4_font=\u00bbDM Sans|700||on|||||\u00bb header_4_text_align=\u00bbleft\u00bb header_4_text_color=\u00bb#093532&#8243; header_4_font_size=\u00bb14px\u00bb header_4_letter_spacing=\u00bb1px\u00bb header_4_line_height=\u00bb1.5em\u00bb custom_margin=\u00bb-28px||-5px||false|false\u00bb custom_padding=\u00bb0px||12px||false|false\u00bb header_4_font_size_tablet=\u00bb14px\u00bb header_4_font_size_phone=\u00bb\u00bb header_4_font_size_last_edited=\u00bbon|tablet\u00bb locked=\u00bboff\u00bb global_colors_info=\u00bb{}\u00bb]<\/p>\n<h3 style=\"text-align: right;\"><em><strong>Helmer Myklebust<\/strong><\/em><\/h3>\n<p>[\/et_pb_text][\/et_pb_column][et_pb_column type=\u00bb1_2&#8243; _builder_version=\u00bb4.16&#8243; _module_preset=\u00bbdefault\u00bb background_color=\u00bb#124c51&#8243; custom_padding=\u00bb50px|40px|50px|40px|true|false\u00bb custom_padding_tablet=\u00bb30px|30px|30px|30px|true|true\u00bb custom_padding_phone=\u00bb30px|20px|30px|20px|true|true\u00bb custom_padding_last_edited=\u00bbon|tablet\u00bb border_radii=\u00bbon|20px|20px|20px|20px\u00bb global_colors_info=\u00bb{}\u00bb][et_pb_text _builder_version=\u00bb4.20.0&#8243; _module_preset=\u00bbdf96b77a-cd4f-44a8-a771-2d6347592b53&#8243; header_2_font=\u00bbDM Sans||||||||\u00bb header_2_text_align=\u00bbleft\u00bb header_2_text_color=\u00bb#FFFFFF\u00bb header_2_font_size=\u00bb50px\u00bb header_2_letter_spacing=\u00bb-0.02em\u00bb header_2_line_height=\u00bb1.15em\u00bb header_2_font_size_tablet=\u00bb32px\u00bb header_2_font_size_phone=\u00bb20px\u00bb header_2_font_size_last_edited=\u00bbon|desktop\u00bb locked=\u00bboff\u00bb global_colors_info=\u00bb{}\u00bb]<\/p>\n<h2>Trastornos del Neurodesarrollo<\/h2>\n<p>[\/et_pb_text][et_pb_button button_url=\u00bbhttps:\/\/www.astaremur.org\/?page_id=149&#8243; button_text=\u00bbSaber m\u00e1s&#8230;\u00bb _builder_version=\u00bb4.20.2&#8243; _module_preset=\u00bb6414ef9f-e386-4555-a7b7-4544a239078b\u00bb custom_button=\u00bbon\u00bb button_text_size=\u00bb14px\u00bb button_text_color=\u00bb#ef8451&#8243; button_border_width=\u00bb1px\u00bb button_border_color=\u00bb#ef8451&#8243; button_border_radius=\u00bb37px\u00bb button_letter_spacing=\u00bb1px\u00bb button_font=\u00bbDM Sans|700||on|||||\u00bb custom_padding=\u00bb15px|24px|12px|24px|false|true\u00bb locked=\u00bboff\u00bb global_colors_info=\u00bb{}\u00bb button_text_color__hover_enabled=\u00bbon|hover\u00bb button_text_color__hover=\u00bb#FFFFFF\u00bb button_bg_color__hover_enabled=\u00bbon|hover\u00bb button_bg_color__hover=\u00bb#ef8451&#8243; button_bg_enable_color__hover=\u00bbon\u00bb][\/et_pb_button][\/et_pb_column][\/et_pb_row][\/et_pb_section][et_pb_section fb_built=\u00bb1&#8243; admin_label=\u00bbFooter\u00bb _builder_version=\u00bb4.20.2&#8243; _module_preset=\u00bbdefault\u00bb background_color=\u00bb#0f393b\u00bb min_height=\u00bb238.5px\u00bb custom_margin=\u00bb||0px||false|false\u00bb custom_padding=\u00bb0vw||0vw||true|false\u00bb border_radii=\u00bboff|20px|20px||\u00bb saved_tabs=\u00bball\u00bb locked=\u00bboff\u00bb global_colors_info=\u00bb{}\u00bb][et_pb_row _builder_version=\u00bb4.16&#8243; _module_preset=\u00bbdefault\u00bb global_colors_info=\u00bb{}\u00bb][et_pb_column type=\u00bb4_4&#8243; _builder_version=\u00bb4.16&#8243; _module_preset=\u00bbdefault\u00bb global_colors_info=\u00bb{}\u00bb][et_pb_text _builder_version=\u00bb4.20.0&#8243; _module_preset=\u00bbdf96b77a-cd4f-44a8-a771-2d6347592b53&#8243; header_2_font=\u00bbDM Sans||||||||\u00bb header_2_text_align=\u00bbcenter\u00bb header_2_text_color=\u00bb#FFFFFF\u00bb header_2_font_size=\u00bb50px\u00bb header_2_letter_spacing=\u00bb-0.02em\u00bb header_2_line_height=\u00bb1.15em\u00bb max_width=\u00bb960px\u00bb module_alignment=\u00bbcenter\u00bb custom_margin=\u00bb||1px|||\u00bb header_2_text_align_tablet=\u00bbleft\u00bb header_2_text_align_phone=\u00bb\u00bb header_2_text_align_last_edited=\u00bbon|phone\u00bb header_2_font_size_tablet=\u00bb32px\u00bb header_2_font_size_phone=\u00bb20px\u00bb header_2_font_size_last_edited=\u00bbon|desktop\u00bb locked=\u00bboff\u00bb global_colors_info=\u00bb{}\u00bb]<\/p>\n<h2>As\u00f3ciate, Contacta con nosotros.<\/h2>\n<p>[\/et_pb_text][\/et_pb_column][\/et_pb_row][et_pb_row _builder_version=\u00bb4.16&#8243; _module_preset=\u00bbdefault\u00bb custom_padding=\u00bb0px||||false|false\u00bb global_colors_info=\u00bb{}\u00bb][et_pb_column type=\u00bb4_4&#8243; _builder_version=\u00bb4.16&#8243; _module_preset=\u00bbdefault\u00bb global_colors_info=\u00bb{}\u00bb][et_pb_text _builder_version=\u00bb4.27.4&#8243; _module_preset=\u00bbdefault\u00bb text_font=\u00bbCrimson Text|600|||||||\u00bb text_text_color=\u00bb#FFFFFF\u00bb text_font_size=\u00bb22px\u00bb link_text_color=\u00bb#FFFFFF\u00bb text_orientation=\u00bbright\u00bb hover_enabled=\u00bb0&#8243; text_font_size_tablet=\u00bb18px\u00bb text_font_size_phone=\u00bb14px\u00bb text_font_size_last_edited=\u00bbon|tablet\u00bb text_orientation_tablet=\u00bbleft\u00bb text_orientation_phone=\u00bb\u00bb text_orientation_last_edited=\u00bbon|tablet\u00bb global_colors_info=\u00bb{}\u00bb link_text_color__hover_enabled=\u00bbon|hover\u00bb link_text_color__hover=\u00bb#FFFFFF\u00bb sticky_enabled=\u00bb0&#8243;]<\/p>\n<p style=\"text-align: center;\">Email: <a href=\"mailto:hello@divingo.com\">a<\/a><a href=\"mailto:staremur@gmail.com\">staremur@gmail.com<\/a>. \u00a0 \u00a0\u00a0<\/p>\n<p>[\/et_pb_text][\/et_pb_column][\/et_pb_row][\/et_pb_section]<\/p>\n","protected":false},"excerpt":{"rendered":"<p>ASOCIACI\u00d3N DE AFECTADOS POR EL TRASTORNO DE APRENDIZAJE NO VERBALde la\u00a0REGI\u00d3N DE MURCIAastaremur o tanv regi\u00f3n de murciaNaci\u00f3 el 24 de abril de 2022. Siendo reconocida como tal, el 14 de septiembre del mismo a\u00f1o, con n\u00famero de expediente 15,148\/1a y surge de la necesidad de algunas familias de la regi\u00f3n, para dar respuesta a [&hellip;]<\/p>\n","protected":false},"author":1,"featured_media":0,"parent":0,"menu_order":0,"comment_status":"closed","ping_status":"closed","template":"","meta":{"_et_pb_use_builder":"on","_et_pb_old_content":"<!-- wp:divi\/placeholder \/-->","_et_gb_content_width":"","footnotes":""},"class_list":["post-11","page","type-page","status-publish","hentry"],"_links":{"self":[{"href":"https:\/\/www.astaremur.org\/index.php?rest_route=\/wp\/v2\/pages\/11","targetHints":{"allow":["GET"]}}],"collection":[{"href":"https:\/\/www.astaremur.org\/index.php?rest_route=\/wp\/v2\/pages"}],"about":[{"href":"https:\/\/www.astaremur.org\/index.php?rest_route=\/wp\/v2\/types\/page"}],"author":[{"embeddable":true,"href":"https:\/\/www.astaremur.org\/index.php?rest_route=\/wp\/v2\/users\/1"}],"replies":[{"embeddable":true,"href":"https:\/\/www.astaremur.org\/index.php?rest_route=%2Fwp%2Fv2%2Fcomments&post=11"}],"version-history":[{"count":26,"href":"https:\/\/www.astaremur.org\/index.php?rest_route=\/wp\/v2\/pages\/11\/revisions"}],"predecessor-version":[{"id":209,"href":"https:\/\/www.astaremur.org\/index.php?rest_route=\/wp\/v2\/pages\/11\/revisions\/209"}],"wp:attachment":[{"href":"https:\/\/www.astaremur.org\/index.php?rest_route=%2Fwp%2Fv2%2Fmedia&parent=11"}],"curies":[{"name":"wp","href":"https:\/\/api.w.org\/{rel}","templated":true}]}}